{"id":291,"date":"2024-05-06T11:58:47","date_gmt":"2024-05-06T11:58:47","guid":{"rendered":"https:\/\/linguamarket.es\/equipo\/"},"modified":"2025-07-31T06:50:27","modified_gmt":"2025-07-31T06:50:27","slug":"equipo","status":"publish","type":"page","link":"https:\/\/linguamarket.es\/en\/equipo\/","title":{"rendered":"Equipo"},"content":{"rendered":"<section class=\"header_14_1 background-1-light\" id=\"\" data-block-id=\"69e62946a9a6269e62946a9a63\">\r\n    <div class=\"container\">\r\n        <div class=\"row\">\r\n            <div class=\"col col-top\" data-aos=\"fade-up\">\r\n                                <div class=\"subtitulo color-1-headings-dark tamano6\">Conectamos personas, marcas e ideas a trav\u00e9s del idioma.<\/div>\r\n                                                <h1 class=\"tamano2 color-1-headings-dark\">Nuestro Equipo<\/h1>\r\n                                                <div class=\"texto tamano7 color-1-body-dark\"><p>Profesionales de los idiomas, con dedicaci\u00f3n y profesionalidad<\/p>\n<\/div>\r\n                \r\n                <div class=\"enlaces\">\r\n                                        <a href=\"https:\/\/linguamarket.es\/servicios\/\" target=\"\"\r\n                        class=\"btn-round tamano-7-mediumcta color-boton-2-texto-normal color-boton-2-texto-hover color-boton-2-normal color-boton-2-hover\">\r\n                        \u00bfEn qu\u00e9 podemos ayudarte?                    <\/a>\r\n                    \r\n                                    <\/div>\r\n            <\/div>\r\n        <\/div>\r\n    <\/div>\r\n    <\/section>\r\n<style>\r\n    .header_14_1 .btn-round {\r\n        border-radius: 60px;\r\n        padding: 12px 25px;\r\n        display: inline-block;\r\n        min-width: 175px;\r\n        text-align: center;\r\n        text-decoration: none;\r\n    }\r\n\r\n    .header_14_1 .subtitulo {\r\n        padding-bottom: 22px;\r\n    }\r\n\r\n    .header_14_1 .col-top h1 {\r\n        padding-bottom: 22px;\r\n    }\r\n\r\n    .header_14_1 .col-top {\r\n        max-width: 1230px;\r\n        margin: 0 auto;\r\n        text-align: center;\r\n    }\r\n\r\n    .header_14_1 .imagen {\r\n        height: 500px;\r\n        background-position: center;\r\n        background-repeat: no-repeat;\r\n        background-size: cover;\r\n    }\r\n\r\n    .header_14_1 .enlaces {\r\n        display: inline-flex;\r\n        gap: 25px;\r\n        flex-wrap: wrap;\r\n        margin-top: 35px;\r\n        justify-content: center;\r\n    }\r\n\r\n    .header_14_1 .col-top {\r\n        padding: 200px 0 100px 0;\r\n        min-height: calc(100vH - 500px);\r\n    }\r\n\r\n    @media (max-width:992px) {\r\n        .header_14_2 .col-top {\r\n            padding: 100px 0;\r\n        }\r\n    }\r\n\r\n    @media (max-width:768px) {\r\n        .header_14_1 .col-top h1 {\r\n            line-height: var(--tamano3-line-height);\r\n        }\r\n    }\r\n\r\n    @media (max-width:400px) {\r\n        .header_14_1 .row {\r\n            margin: 0;\r\n        }\r\n    }\r\n<\/style>\r\n\n\n<section class=\"team_4_2\" id=\"\" data-block-id=\"69e62946ab94769e62946ab948\">\n    <div class=\"miembros background-1-dark\">\n        <div class=\"container\">\n            <div class=\"row\">\n                <div class=\"col col-top\" data-aos=\"fade-up\">\n                                        <h2 class=\"tamano2 color-2-headings-light\">\n                        Marcamos la diferencia                    <\/h2>\n                                                            <div class=\"texto tamano6-boldcta color-2-body-light\">\n                        <p>Somos una empresa especializada en servicios ling\u00fc\u00edsticos profesionales, con un enfoque \u00e1gil, cercano y adaptado a cada cliente. Ayudamos a empresas y particulares a comunicarse con claridad y eficacia en diferentes idiomas.<\/p>\n                    <\/div>\n                                                            <img decoding=\"async\" src=\"https:\/\/linguamarket.es\/wp-content\/uploads\/2025\/07\/companies-5290918_1280.jpg\" alt=\"\" title=\"companies-5290918_1280\">\n                                    <\/div>\n                <div class=\"col\">\n                                        <h3 class=\"tamano2 color-2-headings-light\" data-aos=\"fade-up\">\n                        Marcamos la diferencia                    <\/h3>\n                                        <div class=\"equipoCont\">\n                                                <div class=\"equipo-item\" data-aos=\"fade-up\">\n                            <div class=\"imagen\" style=\"background-image: url('https:\/\/linguamarket.es\/wp-content\/uploads\/2025\/07\/young-4549901_1280.jpg');\"\n                                aria-label=\"\">\n                                <div class=\"mask\"><\/div>\n                                <div class=\"meta\">\n                                                                        <div class=\"nombre tamano4 color-2-headings-light\">\n                                        Michael                                    <\/div>\n                                                                                                        <\/div>\n                            <\/div>\n                        <\/div>\n                                                <div class=\"equipo-item\" data-aos=\"fade-up\">\n                            <div class=\"imagen\" style=\"background-image: url('https:\/\/linguamarket.es\/wp-content\/uploads\/2025\/07\/sun-3962036_1280.jpg');\"\n                                aria-label=\"\">\n                                <div class=\"mask\"><\/div>\n                                <div class=\"meta\">\n                                                                        <div class=\"nombre tamano4 color-2-headings-light\">\n                                        Sol                                    <\/div>\n                                                                                                        <\/div>\n                            <\/div>\n                        <\/div>\n                                                <div class=\"equipo-item\" data-aos=\"fade-up\">\n                            <div class=\"imagen\" style=\"background-image: url('https:\/\/linguamarket.es\/wp-content\/uploads\/2025\/07\/attractive-1869761_1280.jpg');\"\n                                aria-label=\"\">\n                                <div class=\"mask\"><\/div>\n                                <div class=\"meta\">\n                                                                        <div class=\"nombre tamano4 color-2-headings-light\">\n                                        Natth                                    <\/div>\n                                                                                                        <\/div>\n                            <\/div>\n                        <\/div>\n                                            <\/div>\n                <\/div>\n            <\/div>\n        <\/div>\n    <\/div>\n<\/section>\n<style>\n    .team_4_2 h2 {\n        padding-bottom: 15px;\n    }\n\n    .team_4_2 .col-top img {\n        border-radius: 10px;\n        margin-bottom: 100px;\n        width: 100%;\n    }\n\n    .team_4_2 .equipo-item .imagen:hover .mask,\n    .team_4_2 .equipo-item .imagen:hover .meta {\n        opacity: 1;\n        visibility: visible;\n    }\n\n    .team_4_2 .equipo-item .imagen .mask {\n        background: rgba(0, 0, 0, 0.30);\n        width: 100%;\n        height: 100%;\n        top: 0;\n        left: 0;\n        border-radius: 50%;\n        position: absolute;\n        opacity: 0;\n        visibility: hidden;\n        transition: all ease .3s;\n    }\n\n    .team_4_2 .equipo-item .imagen {\n        position: relative;\n        padding: 50px 40px;\n        display: flex;\n        flex-direction: column;\n        align-items: center;\n        justify-content: end;\n    }\n\n    .team_4_2 .equipo-item .meta {\n        opacity: 0;\n        visibility: hidden;\n        transition: all ease .3s;\n        position: relative;\n    }\n\n    .team_4_2 .texto {\n        padding-bottom: 30px;\n    }\n\n    .team_4_2 .miembros {\n        padding-left: 150px;\n        padding-right: 150px;\n    }\n\n    .team_4_2 .miembros h3 {\n        padding-bottom: 30px;\n        text-align: left;\n    }\n\n    .team_4_2 .miembros .equipoCont .equipo-item .imagen {\n        border-radius: 3px;\n        height: 435px;\n        margin: 0 auto;\n        width: 435px;\n        border-radius: 50%;\n        position: relative;\n        background-position: center;\n        background-repeat: no-repeat;\n        background-size: cover;\n    }\n\n    .team_4_2 .miembros .equipoCont .equipo-item .meta {\n        text-align: center;\n        padding-top: 50px;\n    }\n\n    .team_4_2 .miembros .equipoCont .equipo-item {\n        width: calc(33.33% - 40px);\n    }\n\n    .team_4_2 .miembros .equipoCont {\n        display: flex;\n        gap: 60px;\n        justify-content: center;\n        flex-wrap: wrap;\n    }\n\n    .team_4_2 .miembros {\n        padding-top: 80px;\n    }\n\n    .team_4_2 .miembros {\n        padding-bottom: 80px;\n    }\n\n    @media (max-width:1750px) {\n        .team_4_2 .miembros {\n            padding-left: 50px;\n            padding-right: 50px;\n        }\n    }\n\n    @media (max-width:1550px) {\n        .team_4_2 .miembros {\n            padding-left: 0;\n            padding-right: 0;\n        }\n\n        .team_4_2 .miembros .equipoCont .equipo-item .imagen {\n            height: 380px;\n            width: 380px;\n        }\n    }\n\n    @media (max-width:1250px) {\n        .team_4_2 .miembros .equipoCont {\n            gap: 30px;\n        }\n\n        .team_4_2 .miembros .equipoCont .equipo-item {\n            width: calc(50% - 15px);\n        }\n\n        .team_4_2 .miembros .equipoCont .equipo-item .imagen {\n            height: 330px;\n            width: 330px;\n        }\n\n    }\n\n    @media (max-width:992px) {\n        .team_4_2 .col-top img {\n            margin-bottom: 50px;\n        }\n\n        .team_4_2 .miembros .equipoCont .equipo-item .meta {\n            padding-top: 35px;\n        }\n\n        .team_4_2 .miembros .equipoCont .equipo-item {\n            width: calc(50% - 15px);\n        }\n\n        .team_4_2 .miembros {\n            padding-top: 50px;\n        }\n\n        .team_4_2 .miembros h3 {\n            padding-bottom: 40px;\n        }\n\n        .team_4_2 .miembros {\n            padding-bottom: 40px;\n        }\n    }\n\n    @media (max-width:768px) {\n        .team_4_2 .miembros .equipoCont .equipo-item {\n            width: 100%;\n        }\n    }\n\n    @media (max-width:400px) {\n        .team_4_2 .miembros .equipoCont .equipo-item .imagen {\n            height: 250px;\n            width: 250px;\n        }\n    }\n<\/style>\n","protected":false},"excerpt":{"rendered":"","protected":false},"author":1,"featured_media":0,"parent":0,"menu_order":0,"comment_status":"open","ping_status":"closed","template":"","meta":{"_acf_changed":false,"footnotes":""},"class_list":["post-291","page","type-page","status-publish","hentry"],"acf":[],"yoast_head":"<!-- This site is optimized with the Yoast SEO plugin v27.4 - https:\/\/yoast.com\/product\/yoast-seo-wordpress\/ -->\n<title>Equipo - Linguamarket<\/title>\n<meta name=\"robots\" content=\"index, follow, max-snippet:-1, max-image-preview:large, max-video-preview:-1\" \/>\n<link rel=\"canonical\" href=\"https:\/\/linguamarket.es\/en\/equipo\/\" \/>\n<meta property=\"og:locale\" content=\"en_US\" \/>\n<meta property=\"og:type\" content=\"article\" \/>\n<meta property=\"og:title\" content=\"Equipo - Linguamarket\" \/>\n<meta property=\"og:url\" content=\"https:\/\/linguamarket.es\/en\/equipo\/\" \/>\n<meta property=\"og:site_name\" content=\"Linguamarket\" \/>\n<meta property=\"article:modified_time\" content=\"2025-07-31T06:50:27+00:00\" \/>\n<meta name=\"twitter:card\" content=\"summary_large_image\" \/>\n<!-- \/ Yoast SEO plugin. -->","yoast_head_json":{"title":"Equipo - Linguamarket","robots":{"index":"index","follow":"follow","max-snippet":"max-snippet:-1","max-image-preview":"max-image-preview:large","max-video-preview":"max-video-preview:-1"},"canonical":"https:\/\/linguamarket.es\/en\/equipo\/","og_locale":"en_US","og_type":"article","og_title":"Equipo - Linguamarket","og_url":"https:\/\/linguamarket.es\/en\/equipo\/","og_site_name":"Linguamarket","article_modified_time":"2025-07-31T06:50:27+00:00","twitter_card":"summary_large_image","schema":{"@context":"https:\/\/schema.org","@graph":[{"@type":"WebPage","@id":"https:\/\/linguamarket.es\/en\/equipo\/","url":"https:\/\/linguamarket.es\/en\/equipo\/","name":"Equipo - Linguamarket","isPartOf":{"@id":"https:\/\/linguamarket.es\/en\/#website"},"datePublished":"2024-05-06T11:58:47+00:00","dateModified":"2025-07-31T06:50:27+00:00","breadcrumb":{"@id":"https:\/\/linguamarket.es\/en\/equipo\/#breadcrumb"},"inLanguage":"en-US","potentialAction":[{"@type":"ReadAction","target":["https:\/\/linguamarket.es\/en\/equipo\/"]}]},{"@type":"BreadcrumbList","@id":"https:\/\/linguamarket.es\/en\/equipo\/#breadcrumb","itemListElement":[{"@type":"ListItem","position":1,"name":"Portada","item":"https:\/\/linguamarket.es\/en\/"},{"@type":"ListItem","position":2,"name":"Equipo"}]},{"@type":"WebSite","@id":"https:\/\/linguamarket.es\/en\/#website","url":"https:\/\/linguamarket.es\/en\/","name":"Linguamarket","description":"","potentialAction":[{"@type":"SearchAction","target":{"@type":"EntryPoint","urlTemplate":"https:\/\/linguamarket.es\/en\/?s={search_term_string}"},"query-input":{"@type":"PropertyValueSpecification","valueRequired":true,"valueName":"search_term_string"}}],"inLanguage":"en-US"}]}},"_links":{"self":[{"href":"https:\/\/linguamarket.es\/en\/wp-json\/wp\/v2\/pages\/291","targetHints":{"allow":["GET"]}}],"collection":[{"href":"https:\/\/linguamarket.es\/en\/wp-json\/wp\/v2\/pages"}],"about":[{"href":"https:\/\/linguamarket.es\/en\/wp-json\/wp\/v2\/types\/page"}],"author":[{"embeddable":true,"href":"https:\/\/linguamarket.es\/en\/wp-json\/wp\/v2\/users\/1"}],"replies":[{"embeddable":true,"href":"https:\/\/linguamarket.es\/en\/wp-json\/wp\/v2\/comments?post=291"}],"version-history":[{"count":7,"href":"https:\/\/linguamarket.es\/en\/wp-json\/wp\/v2\/pages\/291\/revisions"}],"predecessor-version":[{"id":1477,"href":"https:\/\/linguamarket.es\/en\/wp-json\/wp\/v2\/pages\/291\/revisions\/1477"}],"wp:attachment":[{"href":"https:\/\/linguamarket.es\/en\/wp-json\/wp\/v2\/media?parent=291"}],"curies":[{"name":"wp","href":"https:\/\/api.w.org\/{rel}","templated":true}]}}