{"id":294,"date":"2024-05-06T11:58:27","date_gmt":"2024-05-06T11:58:27","guid":{"rendered":"https:\/\/linguamarket.es\/servicios\/"},"modified":"2025-07-31T05:50:32","modified_gmt":"2025-07-31T05:50:32","slug":"servicios","status":"publish","type":"page","link":"https:\/\/linguamarket.es\/en\/servicios\/","title":{"rendered":"Servicios"},"content":{"rendered":"<section class=\"header_14_1 background-1-light\" id=\"\" data-block-id=\"69e6292fd003b69e6292fd003d\">\r\n    <div class=\"container\">\r\n        <div class=\"row\">\r\n            <div class=\"col col-top\" data-aos=\"fade-up\">\r\n                                                <h1 class=\"tamano2 color-1-headings-dark\">Servicios<\/h1>\r\n                                                <div class=\"texto tamano7 color-1-body-dark\"><p>Somos tu aliado ling\u00fc\u00edstico de confianza.<br \/>\nConectamos personas, marcas e ideas a trav\u00e9s del idioma.<\/p>\n<\/div>\r\n                \r\n                <div class=\"enlaces\">\r\n                                        <a href=\"https:\/\/linguamarket.es\/contacto\/\" target=\"\"\r\n                        class=\"btn-round tamano-7-mediumcta color-boton-2-texto-normal color-boton-2-texto-hover color-boton-2-normal color-boton-2-hover\">\r\n                        \u00a1Pregunta!                    <\/a>\r\n                    \r\n                                    <\/div>\r\n            <\/div>\r\n        <\/div>\r\n    <\/div>\r\n            <div class=\"imagen\" data-aos=\"zoom-in\" style=\"background-image:url('https:\/\/linguamarket.es\/wp-content\/uploads\/2024\/05\/home500-1.jpg');\"\r\n            aria-label=\"\"><\/div>\r\n    <\/section>\r\n<style>\r\n    .header_14_1 .btn-round {\r\n        border-radius: 60px;\r\n        padding: 12px 25px;\r\n        display: inline-block;\r\n        min-width: 175px;\r\n        text-align: center;\r\n        text-decoration: none;\r\n    }\r\n\r\n    .header_14_1 .subtitulo {\r\n        padding-bottom: 22px;\r\n    }\r\n\r\n    .header_14_1 .col-top h1 {\r\n        padding-bottom: 22px;\r\n    }\r\n\r\n    .header_14_1 .col-top {\r\n        max-width: 1230px;\r\n        margin: 0 auto;\r\n        text-align: center;\r\n    }\r\n\r\n    .header_14_1 .imagen {\r\n        height: 500px;\r\n        background-position: center;\r\n        background-repeat: no-repeat;\r\n        background-size: cover;\r\n    }\r\n\r\n    .header_14_1 .enlaces {\r\n        display: inline-flex;\r\n        gap: 25px;\r\n        flex-wrap: wrap;\r\n        margin-top: 35px;\r\n        justify-content: center;\r\n    }\r\n\r\n    .header_14_1 .col-top {\r\n        padding: 200px 0 100px 0;\r\n        min-height: calc(100vH - 500px);\r\n    }\r\n\r\n    @media (max-width:992px) {\r\n        .header_14_2 .col-top {\r\n            padding: 100px 0;\r\n        }\r\n    }\r\n\r\n    @media (max-width:768px) {\r\n        .header_14_1 .col-top h1 {\r\n            line-height: var(--tamano3-line-height);\r\n        }\r\n    }\r\n\r\n    @media (max-width:400px) {\r\n        .header_14_1 .row {\r\n            margin: 0;\r\n        }\r\n    }\r\n<\/style>\r\n\n\n<section class=\"ctas_2_2 background-1-dark\" id=\"\" data-block-id=\"69e6292fd3abd69e6292fd3abe\">\r\n    <div class=\"container\">\r\n        <div class=\"row\">\r\n            <div class=\"col\">\r\n                                <div class=\"titulo\">\r\n                    <svg xmlns=\"http:\/\/www.w3.org\/2000\/svg\" width=\"38\" height=\"25\" viewBox=\"0 0 38 25\"\r\n                        fill=\"none\">\r\n                        <path\r\n                            d=\"M4.75 2.08333C3.43633 2.08333 2.375 3.01432 2.375 4.16667V6.76432L16.8922 16.1003C18.1465 16.9076 19.8535 16.9076 21.1078 16.1003L35.625 6.76432V4.16667C35.625 3.01432 34.5637 2.08333 33.25 2.08333H4.75ZM2.375 9.34896V20.8333C2.375 21.9857 3.43633 22.9167 4.75 22.9167H33.25C34.5637 22.9167 35.625 21.9857 35.625 20.8333V9.34896L22.5105 17.7799C20.4176 19.1211 17.575 19.1211 15.4895 17.7799L2.375 9.34896ZM0 4.16667C0 1.86849 2.13008 0 4.75 0H33.25C35.8699 0 38 1.86849 38 4.16667V20.8333C38 23.1315 35.8699 25 33.25 25H4.75C2.13008 25 0 23.1315 0 20.8333V4.16667Z\"\r\n                            fill=\"#2B275C\" \/>\r\n                    <\/svg>\r\n                    <h2 class=\"tamano3 color-2-headings-light\"><span class=\"ez-toc-section\" id=\"Si_quieres_que_te_ayudemos_contacta_con_nosotros_estaremos_encantados_de_ayudarte_en_esta_aventura\"><\/span>Si quieres que te ayudemos contacta con nosotros, estaremos encantados de ayudarte en esta aventura<span class=\"ez-toc-section-end\"><\/span><\/h2>\r\n                <\/div>\r\n                                                                <div class=\"ctas\">\r\n                                        <a class=\"btn-round tamano-7-mediumcta color-boton-3-texto-normal color-boton-3-texto-hover color-boton-3-normal color-boton-3-hover\"\r\n                        href=\"https:\/\/linguamarket.es\/contacto\/\" target=\"\">Aqu\u00ed<\/a>\r\n                                                        <\/div>\r\n                            <\/div>\r\n        <\/div>\r\n    <\/div>\r\n<\/section>\r\n<style>\r\n    .ctas_2_2 .titulo path {\r\n        fill: var(--color-2-headings-light);\r\n    }\r\n\r\n    .ctas_2_2 .ctas {\r\n        display: flex;\r\n        gap: 30px;\r\n        flex-wrap: wrap;\r\n    }\r\n\r\n    .ctas_2_2 .col {\r\n        display: flex;\r\n        gap: 30px;\r\n        align-items: flex-start;\r\n        justify-content: space-between;\r\n    }\r\n\r\n    .ctas_2_2 .titulo h2 {\r\n        width: calc(100% - 68px);\r\n        max-width: 360px;\r\n    }\r\n\r\n    .ctas_2_2 .titulo {\r\n        display: flex;\r\n        align-items: center;\r\n        gap: 30px;\r\n    }\r\n\r\n    .ctas_2_2 .texto {\r\n        max-width: 435px;\r\n    }\r\n\r\n    .ctas_2_2 {\r\n        padding: 80px 150px;\r\n        position: relative;\r\n    }\r\n\r\n    .ctas_2_2 .btn-round {\r\n        border-radius: 60px;\r\n        padding: 12px 25px;\r\n        display: inline-block;\r\n        min-width: 175px;\r\n        text-align: center;\r\n        transition: all ease .3s;\r\n        text-decoration: none;\r\n        max-width: 278px;\r\n        width: calc(50% - 15px);\r\n        min-height: 51px;\r\n        display: flex;\r\n        align-items: center;\r\n        justify-content: center;\r\n    }\r\n\r\n    @media (max-width:1750px) {\r\n        .ctas_2_2 .col {\r\n            flex-wrap: wrap;\r\n        }\r\n\r\n        .ctas_2_2 .texto {\r\n            max-width: 50%;\r\n        }\r\n\r\n        .ctas_2_2 .titulo {\r\n            width: 50%;\r\n        }\r\n\r\n        .ctas_2_2 .titulo h2 {\r\n            max-width: 100%;\r\n        }\r\n    }\r\n\r\n    @media (max-width:1600px) {\r\n        .ctas_2_2 {\r\n            padding-left: 50px;\r\n            padding-right: 50px;\r\n        }\r\n    }\r\n\r\n    @media (max-width:1400px) {\r\n        .ctas_2_2 .texto {\r\n            max-width: 100%;\r\n        }\r\n\r\n        .ctas_2_2 .titulo {\r\n            width: 100%;\r\n        }\r\n    }\r\n\r\n    @media (max-width:1200px) {\r\n        .ctas_2_2 {\r\n            padding-left: 0;\r\n            padding-right: 0;\r\n        }\r\n    }\r\n\r\n    @media (max-width:992px) {\r\n        .ctas_2_2 {\r\n            padding: 40px 0;\r\n        }\r\n    }\r\n\r\n    @media (max-width:768px) {\r\n        .ctas_2_2 .titulo h2 {\r\n            line-height: var(--tamano5-line-height);\r\n        }\r\n\r\n        .ctas_2_2 .ctas {\r\n            justify-content: center;\r\n            width: 100%\r\n        }\r\n\r\n        .ctas_2_2 .btn-round {\r\n            min-width: 133px;\r\n            padding: 12px 30px;\r\n        }\r\n    }\r\n\r\n    @media (max-width:576px) {\r\n        .ctas_2_2 .btn-round {\r\n            min-width: 100px;\r\n            padding: 12px 15px;\r\n        }\r\n\r\n        .ctas_2_2 .ctas {\r\n            flex-wrap: nowrap;\r\n        }\r\n    }\r\n<\/style>\r\n\n\n<section class=\"services_15_1 background-1-light izquierda\" id=\"\"\r\n    original-block-id=\"block_5fe17c48e2ee24773feeed70739c1dd1\">\r\n    <div class=\"container\" data-block-id=\"69e6292fd4f3569e6292fd4f37\">\r\n        <div class=\"row row-titulo\">\r\n            <div class=\"col col-top\" data-aos=\"fade-up\">\r\n                                <h2 class=\"tamano2 color-1-headings-dark\"><span class=\"ez-toc-section\" id=\"Nuestros_servicios\"><\/span>Nuestros servicios<span class=\"ez-toc-section-end\"><\/span><\/h2>\r\n                                            <\/div>\r\n        <\/div>\r\n        <div class=\"row row-content\">\r\n            <div class=\"col col-imagen\" data-aos=\"fade-right\">\r\n                <img decoding=\"async\" src=\"https:\/\/linguamarket.es\/wp-content\/uploads\/2025\/07\/IMG_6968-rotated.jpg\" alt=\"\" title=\"IMG_6968\">\r\n            <\/div>\r\n            <div class=\"col col-texto acordeon\" data-aos=\"fade-left\">\r\n                <div class=\"inner\">\r\n                                                                                            <div class=\"item texto-item\">\r\n                            <div class=\"title\">\r\n                                <div class=\"text open\">\r\n                                    <span>\r\n                                        <h3 class=\"tamano4 boton-4-texto-normal\">Aprende Idiomas con Profesores Nativos \u2013 100% Online <\/h3>\r\n                                    <\/span>\r\n                                <\/div>\r\n                                <div class=\"clear\"><\/div>\r\n                            <\/div>\r\n                            <div class=\"description\" style=\"\">\r\n                                <div class=\"contenido flex\">\r\n                                    <div class=\"textocont\">\r\n                                                                                <div class=\"texto tamano7 color-1-body-dark\"><p>Perfectas para:<\/p>\n<ul>\n<li>Mejorar tu nivel<\/li>\n<li>Prepararte para ex\u00e1menes oficiales<\/li>\n<li>Avanzar profesionalmente<\/li>\n<\/ul>\n<p>Aprende a tu ritmo, desde donde est\u00e9s.<\/p>\n<\/div>\r\n                                                                                                                    <\/div>\r\n                                <\/div>\r\n                            <\/div>\r\n                        <\/div>\r\n                                                <div class=\"item texto-item\">\r\n                            <div class=\"title\">\r\n                                <div class=\"text \">\r\n                                    <span>\r\n                                        <h3 class=\"tamano4 boton-4-texto-normal\">Interpretaci\u00f3n telef\u00f3nica en tiempo real \u2013 llamada a tres<\/h3>\r\n                                    <\/span>\r\n                                <\/div>\r\n                                <div class=\"clear\"><\/div>\r\n                            <\/div>\r\n                            <div class=\"description\" style=\"display: none;\">\r\n                                <div class=\"contenido flex\">\r\n                                    <div class=\"textocont\">\r\n                                                                                <div class=\"texto tamano7 color-1-body-dark\"><p>\u00bfNecesitas comunicarte con alguien que no habla tu idioma?<br \/>\nNuestro servicio de interpretaci\u00f3n telef\u00f3nica en llamada a tres te lo pone f\u00e1cil. T\u00fa nos llamas, nos conectamos con la otra persona y actuamos como int\u00e9rpretes en tiempo real, facilitando una conversaci\u00f3n clara y fluida.<\/p>\n<\/div>\r\n                                                                                                                    <\/div>\r\n                                <\/div>\r\n                            <\/div>\r\n                        <\/div>\r\n                                                <div class=\"item texto-item\">\r\n                            <div class=\"title\">\r\n                                <div class=\"text \">\r\n                                    <span>\r\n                                        <h3 class=\"tamano4 boton-4-texto-normal\">Traducciones profesionales y especializadas<\/h3>\r\n                                    <\/span>\r\n                                <\/div>\r\n                                <div class=\"clear\"><\/div>\r\n                            <\/div>\r\n                            <div class=\"description\" style=\"display: none;\">\r\n                                <div class=\"contenido flex\">\r\n                                    <div class=\"textocont\">\r\n                                                                                <div class=\"texto tamano7 color-1-body-dark\"><p>Ofrecemos traducciones precisas y de alta calidad en una amplia variedad de idiomas, con especial experiencia en ingl\u00e9s, alem\u00e1n y espa\u00f1ol.<\/p>\n<p>Tambi\u00e9n trabajamos con otros idiomas como checo, polaco, neerland\u00e9s, rumano, japon\u00e9s, entre otros.<\/p>\n<\/div>\r\n                                                                                                                    <\/div>\r\n                                <\/div>\r\n                            <\/div>\r\n                        <\/div>\r\n                                                                                    <\/div>\r\n            <\/div>\r\n        <\/div>\r\n            <\/div>\r\n<\/section>\r\n<style>\r\n    .services_15_1 .row .col-texto h3 {\r\n        padding-bottom: 22px;\r\n        transition: all ease .3s;\r\n    }\r\n\r\n    .services_15_1 .row .col-texto {\r\n        max-width: 585px;\r\n        width: 100%;\r\n    }\r\n\r\n    .services_15_1 .row.row-enlace {\r\n        padding-top: 50px;\r\n        text-align: center;\r\n    }\r\n\r\n    .services_15_1 .row:not(.row-enlace) {\r\n        display: flex;\r\n        align-items: center;\r\n        gap: 180px;\r\n    }\r\n\r\n    .services_15_1.derecha .row {\r\n        flex-direction: row-reverse;\r\n    }\r\n\r\n    .services_15_1[original-block-id=\"block_5fe17c48e2ee24773feeed70739c1dd1\"] .row-content {\r\n            }\r\n\r\n    .services_15_1 .col-texto .inner .texto-item {\r\n        border-bottom: 1px solid var(--color-logotipo-negative);\r\n    }\r\n\r\n    .services_15_1 .col-texto .inner {\r\n        gap: 30px;\r\n        display: flex;\r\n        flex-direction: column;\r\n    }\r\n\r\n    .services_15_1 .texto-item {\r\n        cursor: pointer;\r\n    }\r\n\r\n    .services_15_1 .texto-item.open h3,\r\n    .services_15_1 .texto-item:hover h3 {\r\n        color: var(--boton-4-texto-hover);\r\n    }\r\n\r\n    .services_15_1 .btn-round {\r\n        border-radius: 60px;\r\n        padding: 12px 25px;\r\n        display: inline-block;\r\n        min-width: 175px;\r\n        margin-bottom: 30px;\r\n        text-align: center;\r\n        text-decoration: none;\r\n    }\r\n\r\n    .services_15_1 .texto *:last-child {\r\n        padding-bottom: 0;\r\n    }\r\n\r\n    .services_15_1 img {\r\n        width: 100%;\r\n    }\r\n\r\n    .services_15_1 .texto {\r\n        padding-bottom: 30px;\r\n    }\r\n\r\n    .services_15_1 .texto * {\r\n        padding-bottom: 20px;\r\n    }\r\n\r\n    .services_15_1 .col-top {\r\n        padding-bottom: 70px;\r\n    }\r\n\r\n    .services_15_1 h2 {\r\n        text-align: center;\r\n\r\n    }\r\n\r\n    .services_15_1 .subtitulo {\r\n        text-align: center;\r\n        padding-top: 30px;\r\n    }\r\n\r\n    .services_15_1 {\r\n        padding: 80px 0;\r\n        position: relative;\r\n        overflow: hidden;\r\n    }\r\n\r\n    @media (max-width:1550px) {\r\n        .services_15_1 .row {\r\n            gap: 100px;\r\n        }\r\n    }\r\n\r\n    @media (max-width:1350px) {\r\n        .services_15_1 .row {\r\n            gap: 30px;\r\n        }\r\n    }\r\n\r\n    @media (max-width:992px) {\r\n        .services_15_1 .col-texto .inner {\r\n            gap: 20px;\r\n        }\r\n\r\n        .services_15_1 .btn-round {\r\n            margin-bottom: 20px;\r\n        }\r\n\r\n        .services_15_1.derecha .row,\r\n        .services_15_1 .row {\r\n            flex-direction: column;\r\n            gap: 35px;\r\n        }\r\n\r\n        .services_15_1 .row .col-texto {\r\n            max-width: 100%;\r\n        }\r\n\r\n        .services_15_1 .col-top {\r\n            padding-bottom: 35px;\r\n        }\r\n\r\n        .services_15_1 {\r\n            padding: 40px 0;\r\n        }\r\n    }\r\n<\/style>\r\n<script>\r\n    jQuery(document).on(\"click\", \".services_15_1 .acordeon .title\", function(e) {\r\n        var $parentSection = jQuery(this).closest(\".services_15_1\"); \/\/ Get the closest section\r\n        var $item = jQuery(this).parent(\".item\");\r\n        var $description = $item.children(\".description\");\r\n\r\n        \/\/ Stop any ongoing animations to prevent flickering\r\n        $parentSection.find(\".acordeon .description\").stop(true, false);\r\n        $description.stop(true, false);\r\n\r\n        \/\/ Check if the clicked item is already open\r\n        var isAlreadyOpen = $description.is(\":visible\");\r\n\r\n        \/\/ Close all descriptions except the clicked one\r\n        $parentSection.find(\".acordeon .description\").not($description).slideUp(300);\r\n        $parentSection.find(\".acordeon .item .text\").removeClass(\"open\");\r\n\r\n        if (!isAlreadyOpen) {\r\n            \/\/ Ensure it has display:none initially for smooth slideDown\r\n            $description.css(\"display\", \"none\").slideDown(300);\r\n            jQuery(this).children(\".text\").addClass(\"open\");\r\n        }\r\n    });\r\n<\/script>\r\n","protected":false},"excerpt":{"rendered":"","protected":false},"author":1,"featured_media":0,"parent":0,"menu_order":0,"comment_status":"open","ping_status":"closed","template":"","meta":{"_acf_changed":false,"footnotes":""},"class_list":["post-294","page","type-page","status-publish","hentry"],"acf":[],"yoast_head":"<!-- This site is optimized with the Yoast SEO plugin v27.4 - https:\/\/yoast.com\/product\/yoast-seo-wordpress\/ -->\n<title>Servicios - Linguamarket<\/title>\n<meta name=\"robots\" content=\"index, follow, max-snippet:-1, max-image-preview:large, max-video-preview:-1\" \/>\n<link rel=\"canonical\" href=\"https:\/\/linguamarket.es\/en\/servicios\/\" \/>\n<meta property=\"og:locale\" content=\"en_US\" \/>\n<meta property=\"og:type\" content=\"article\" \/>\n<meta property=\"og:title\" content=\"Servicios - Linguamarket\" \/>\n<meta property=\"og:url\" content=\"https:\/\/linguamarket.es\/en\/servicios\/\" \/>\n<meta property=\"og:site_name\" content=\"Linguamarket\" \/>\n<meta property=\"article:modified_time\" content=\"2025-07-31T05:50:32+00:00\" \/>\n<meta name=\"twitter:card\" content=\"summary_large_image\" \/>\n<!-- \/ Yoast SEO plugin. -->","yoast_head_json":{"title":"Servicios - Linguamarket","robots":{"index":"index","follow":"follow","max-snippet":"max-snippet:-1","max-image-preview":"max-image-preview:large","max-video-preview":"max-video-preview:-1"},"canonical":"https:\/\/linguamarket.es\/en\/servicios\/","og_locale":"en_US","og_type":"article","og_title":"Servicios - Linguamarket","og_url":"https:\/\/linguamarket.es\/en\/servicios\/","og_site_name":"Linguamarket","article_modified_time":"2025-07-31T05:50:32+00:00","twitter_card":"summary_large_image","schema":{"@context":"https:\/\/schema.org","@graph":[{"@type":"WebPage","@id":"https:\/\/linguamarket.es\/en\/servicios\/","url":"https:\/\/linguamarket.es\/en\/servicios\/","name":"Servicios - Linguamarket","isPartOf":{"@id":"https:\/\/linguamarket.es\/en\/#website"},"datePublished":"2024-05-06T11:58:27+00:00","dateModified":"2025-07-31T05:50:32+00:00","breadcrumb":{"@id":"https:\/\/linguamarket.es\/en\/servicios\/#breadcrumb"},"inLanguage":"en-US","potentialAction":[{"@type":"ReadAction","target":["https:\/\/linguamarket.es\/en\/servicios\/"]}]},{"@type":"BreadcrumbList","@id":"https:\/\/linguamarket.es\/en\/servicios\/#breadcrumb","itemListElement":[{"@type":"ListItem","position":1,"name":"Portada","item":"https:\/\/linguamarket.es\/en\/"},{"@type":"ListItem","position":2,"name":"Servicios"}]},{"@type":"WebSite","@id":"https:\/\/linguamarket.es\/en\/#website","url":"https:\/\/linguamarket.es\/en\/","name":"Linguamarket","description":"","potentialAction":[{"@type":"SearchAction","target":{"@type":"EntryPoint","urlTemplate":"https:\/\/linguamarket.es\/en\/?s={search_term_string}"},"query-input":{"@type":"PropertyValueSpecification","valueRequired":true,"valueName":"search_term_string"}}],"inLanguage":"en-US"}]}},"_links":{"self":[{"href":"https:\/\/linguamarket.es\/en\/wp-json\/wp\/v2\/pages\/294","targetHints":{"allow":["GET"]}}],"collection":[{"href":"https:\/\/linguamarket.es\/en\/wp-json\/wp\/v2\/pages"}],"about":[{"href":"https:\/\/linguamarket.es\/en\/wp-json\/wp\/v2\/types\/page"}],"author":[{"embeddable":true,"href":"https:\/\/linguamarket.es\/en\/wp-json\/wp\/v2\/users\/1"}],"replies":[{"embeddable":true,"href":"https:\/\/linguamarket.es\/en\/wp-json\/wp\/v2\/comments?post=294"}],"version-history":[{"count":8,"href":"https:\/\/linguamarket.es\/en\/wp-json\/wp\/v2\/pages\/294\/revisions"}],"predecessor-version":[{"id":1404,"href":"https:\/\/linguamarket.es\/en\/wp-json\/wp\/v2\/pages\/294\/revisions\/1404"}],"wp:attachment":[{"href":"https:\/\/linguamarket.es\/en\/wp-json\/wp\/v2\/media?parent=294"}],"curies":[{"name":"wp","href":"https:\/\/api.w.org\/{rel}","templated":true}]}}